{"id":10222,"date":"2021-01-31T16:16:22","date_gmt":"2021-01-31T22:16:22","guid":{"rendered":"http:\/\/comtodo.info\/?page_id=10222"},"modified":"2022-10-11T16:18:50","modified_gmt":"2022-10-11T22:18:50","slug":"comservo","status":"publish","type":"page","link":"https:\/\/comtodo.com\/en\/comservo\/","title":{"rendered":"Seguridad para TI"},"content":{"rendered":"\t\t<div data-elementor-type=\"wp-page\" data-elementor-id=\"10222\" class=\"elementor elementor-10222\" data-elementor-post-type=\"page\">\n\t\t\t\t\t\t<section class=\"elementor-section elementor-top-section elementor-element elementor-element-40006fd elementor-section-height-min-height elementor-section-items-stretch elementor-section-content-middle elementor-section-boxed elementor-section-height-default\" data-id=\"40006fd\" data-element_type=\"section\" data-e-type=\"section\" data-settings=\"{&quot;background_background&quot;:&quot;classic&quot;,&quot;ekit_has_onepagescroll_dot&quot;:&quot;yes&quot;}\">\n\t\t\t\t\t\t<div class=\"elementor-container elementor-column-gap-no\">\n\t\t\t\t\t<div class=\"elementor-column elementor-col-100 elementor-top-column elementor-element elementor-element-c115f5e\" data-id=\"c115f5e\" data-element_type=\"column\" data-e-type=\"column\">\n\t\t\t<div class=\"elementor-widget-wrap elementor-element-populated\">\n\t\t\t\t\t\t<div class=\"elementor-element elementor-element-f33aa4e elementor-widget elementor-widget-heading\" data-id=\"f33aa4e\" data-element_type=\"widget\" data-e-type=\"widget\" data-settings=\"{&quot;ekit_we_effect_on&quot;:&quot;none&quot;}\" data-widget_type=\"heading.default\">\n\t\t\t\t<div class=\"elementor-widget-container\">\n\t\t\t\t\t<h1 class=\"elementor-heading-title elementor-size-xxl\">Seguridad para TI<\/h1>\t\t\t\t<\/div>\n\t\t\t\t<\/div>\n\t\t\t\t<div class=\"elementor-element elementor-element-e62341a elementor-widget elementor-widget-text-editor\" data-id=\"e62341a\" data-element_type=\"widget\" data-e-type=\"widget\" data-settings=\"{&quot;ekit_we_effect_on&quot;:&quot;none&quot;}\" data-widget_type=\"text-editor.default\">\n\t\t\t\t<div class=\"elementor-widget-container\">\n\t\t\t\t\t\t\t\t\t<div data-id=\"988a50c\" data-element_type=\"column\"><div data-id=\"a819939\" data-element_type=\"widget\" data-widget_type=\"text-editor.default\"><p dir=\"auto\" data-pm-slice=\"1 1 []\">Soluciones de protecci\u00f3n de datos y activos que incluye respaldo de datos de forma local y en la nube as\u00ed como video seguridad y control de acceso.<\/p><\/div><\/div><div class=\"elementor-column elementor-col-50 elementor-top-column elementor-element elementor-element-ca174cb\" data-id=\"ca174cb\" data-element_type=\"column\"><div class=\"elementor-widget-wrap elementor-element-populated\"><div class=\"elementor-element elementor-element-dc48da1 elementor-widget elementor-widget-image\" data-id=\"dc48da1\" data-element_type=\"widget\" data-widget_type=\"image.default\">\u00a0<\/div><\/div><\/div>\t\t\t\t\t\t\t\t<\/div>\n\t\t\t\t<\/div>\n\t\t\t\t\t<\/div>\n\t\t<\/div>\n\t\t\t\t\t<\/div>\n\t\t<\/section>\n\t\t\t\t<section class=\"elementor-section elementor-top-section elementor-element elementor-element-7f615ee6 elementor-section-full_width elementor-section-content-middle elementor-reverse-tablet elementor-reverse-mobile elementor-section-height-default elementor-section-height-default\" data-id=\"7f615ee6\" data-element_type=\"section\" data-e-type=\"section\" data-settings=\"{&quot;ekit_has_onepagescroll_dot&quot;:&quot;yes&quot;}\">\n\t\t\t\t\t\t<div class=\"elementor-container elementor-column-gap-no\">\n\t\t\t\t\t<div class=\"elementor-column elementor-col-50 elementor-top-column elementor-element elementor-element-262e0c85\" data-id=\"262e0c85\" data-element_type=\"column\" data-e-type=\"column\">\n\t\t\t<div class=\"elementor-widget-wrap elementor-element-populated\">\n\t\t\t\t\t\t<div class=\"elementor-element elementor-element-6d96c10a elementor-widget elementor-widget-image\" data-id=\"6d96c10a\" data-element_type=\"widget\" data-e-type=\"widget\" data-settings=\"{&quot;ekit_we_effect_on&quot;:&quot;none&quot;}\" data-widget_type=\"image.default\">\n\t\t\t\t<div class=\"elementor-widget-container\">\n\t\t\t\t\t\t\t\t\t\t\t\t\t\t\t<img fetchpriority=\"high\" decoding=\"async\" width=\"300\" height=\"300\" src=\"https:\/\/comtodo.com\/wp-content\/uploads\/2021\/09\/Acronis_Logo1-300x300.jpg\" class=\"attachment-medium size-medium wp-image-28335\" alt=\"Acronis \" srcset=\"https:\/\/comtodo.com\/wp-content\/uploads\/2021\/09\/Acronis_Logo1-300x300.jpg 300w, https:\/\/comtodo.com\/wp-content\/uploads\/2021\/09\/Acronis_Logo1-150x150.jpg 150w, https:\/\/comtodo.com\/wp-content\/uploads\/2021\/09\/Acronis_Logo1-768x768.jpg 768w, https:\/\/comtodo.com\/wp-content\/uploads\/2021\/09\/Acronis_Logo1-100x100.jpg 100w, https:\/\/comtodo.com\/wp-content\/uploads\/2021\/09\/Acronis_Logo1-510x510.jpg 510w, https:\/\/comtodo.com\/wp-content\/uploads\/2021\/09\/Acronis_Logo1-160x160.jpg 160w, https:\/\/comtodo.com\/wp-content\/uploads\/2021\/09\/Acronis_Logo1-560x560.jpg 560w, https:\/\/comtodo.com\/wp-content\/uploads\/2021\/09\/Acronis_Logo1.jpg 800w\" sizes=\"(max-width: 300px) 100vw, 300px\" \/>\t\t\t\t\t\t\t\t\t\t\t\t\t\t\t<\/div>\n\t\t\t\t<\/div>\n\t\t\t\t\t<\/div>\n\t\t<\/div>\n\t\t\t\t<div class=\"elementor-column elementor-col-50 elementor-top-column elementor-element elementor-element-1ce9d5c1\" data-id=\"1ce9d5c1\" data-element_type=\"column\" data-e-type=\"column\">\n\t\t\t<div class=\"elementor-widget-wrap elementor-element-populated\">\n\t\t\t\t\t\t<div class=\"elementor-element elementor-element-4acf6b2c elementor-widget elementor-widget-heading\" data-id=\"4acf6b2c\" data-element_type=\"widget\" data-e-type=\"widget\" data-settings=\"{&quot;ekit_we_effect_on&quot;:&quot;none&quot;}\" data-widget_type=\"heading.default\">\n\t\t\t\t<div class=\"elementor-widget-container\">\n\t\t\t\t\t<h3 class=\"elementor-heading-title elementor-size-xl\">Acronis<\/h3>\t\t\t\t<\/div>\n\t\t\t\t<\/div>\n\t\t\t\t<div class=\"elementor-element elementor-element-49c1e662 elementor-widget elementor-widget-text-editor\" data-id=\"49c1e662\" data-element_type=\"widget\" data-e-type=\"widget\" data-settings=\"{&quot;ekit_we_effect_on&quot;:&quot;none&quot;}\" data-widget_type=\"text-editor.default\">\n\t\t\t\t<div class=\"elementor-widget-container\">\n\t\t\t\t\t\t\t\t\tSoluci\u00f3n de seguridad que respalda toda la informaci\u00f3n de tu empresa donde sea y cuando sea.\n\nProtecci\u00f3n contra amanezas ciberneticas, recuperaci\u00f3n contra desastes en el mejor tiempo posible y mucho m\u00e1s.\n\t\t\t\t\t\t\t\t<\/div>\n\t\t\t\t<\/div>\n\t\t\t\t<div class=\"elementor-element elementor-element-76914632 elementor-mobile-align-center elementor-widget elementor-widget-button\" data-id=\"76914632\" data-element_type=\"widget\" data-e-type=\"widget\" data-settings=\"{&quot;ekit_we_effect_on&quot;:&quot;none&quot;}\" data-widget_type=\"button.default\">\n\t\t\t\t<div class=\"elementor-widget-container\">\n\t\t\t\t\t\t\t\t\t<div class=\"elementor-button-wrapper\">\n\t\t\t\t\t<a class=\"elementor-button elementor-button-link elementor-size-sm\" href=\"http:\/\/comtodo.com\/acronis\">\n\t\t\t\t\t\t<span class=\"elementor-button-content-wrapper\">\n\t\t\t\t\t\t\t\t\t<span class=\"elementor-button-text\">Conocer m\u00e1s<\/span>\n\t\t\t\t\t<\/span>\n\t\t\t\t\t<\/a>\n\t\t\t\t<\/div>\n\t\t\t\t\t\t\t\t<\/div>\n\t\t\t\t<\/div>\n\t\t\t\t\t<\/div>\n\t\t<\/div>\n\t\t\t\t\t<\/div>\n\t\t<\/section>\n\t\t\t\t<section class=\"elementor-section elementor-top-section elementor-element elementor-element-8fb48c8 elementor-section-full_width elementor-section-content-middle elementor-reverse-tablet elementor-reverse-mobile elementor-section-height-default elementor-section-height-default\" data-id=\"8fb48c8\" data-element_type=\"section\" data-e-type=\"section\" data-settings=\"{&quot;ekit_has_onepagescroll_dot&quot;:&quot;yes&quot;}\">\n\t\t\t\t\t\t<div class=\"elementor-container elementor-column-gap-no\">\n\t\t\t\t\t<div class=\"elementor-column elementor-col-50 elementor-top-column elementor-element elementor-element-84f9bed\" data-id=\"84f9bed\" data-element_type=\"column\" data-e-type=\"column\">\n\t\t\t<div class=\"elementor-widget-wrap elementor-element-populated\">\n\t\t\t\t\t\t<div class=\"elementor-element elementor-element-847551c elementor-widget elementor-widget-image\" data-id=\"847551c\" data-element_type=\"widget\" data-e-type=\"widget\" data-settings=\"{&quot;ekit_we_effect_on&quot;:&quot;none&quot;}\" data-widget_type=\"image.default\">\n\t\t\t\t<div class=\"elementor-widget-container\">\n\t\t\t\t\t\t\t\t\t\t\t\t\t\t\t<img decoding=\"async\" width=\"300\" height=\"300\" src=\"https:\/\/comtodo.com\/wp-content\/uploads\/2022\/03\/Hikcentral_Professional-300x300.webp\" class=\"attachment-medium size-medium wp-image-26373\" alt=\"Hikcentral_Professional \" srcset=\"https:\/\/comtodo.com\/wp-content\/uploads\/2022\/03\/Hikcentral_Professional-300x300.webp 300w, https:\/\/comtodo.com\/wp-content\/uploads\/2022\/03\/Hikcentral_Professional-150x150.webp 150w, https:\/\/comtodo.com\/wp-content\/uploads\/2022\/03\/Hikcentral_Professional-100x100.webp 100w, https:\/\/comtodo.com\/wp-content\/uploads\/2022\/03\/Hikcentral_Professional-510x510.webp 510w, https:\/\/comtodo.com\/wp-content\/uploads\/2022\/03\/Hikcentral_Professional-160x160.webp 160w, https:\/\/comtodo.com\/wp-content\/uploads\/2022\/03\/Hikcentral_Professional-560x560.webp 560w, https:\/\/comtodo.com\/wp-content\/uploads\/2022\/03\/Hikcentral_Professional.webp 600w\" sizes=\"(max-width: 300px) 100vw, 300px\" \/>\t\t\t\t\t\t\t\t\t\t\t\t\t\t\t<\/div>\n\t\t\t\t<\/div>\n\t\t\t\t\t<\/div>\n\t\t<\/div>\n\t\t\t\t<div class=\"elementor-column elementor-col-50 elementor-top-column elementor-element elementor-element-0761964\" data-id=\"0761964\" data-element_type=\"column\" data-e-type=\"column\">\n\t\t\t<div class=\"elementor-widget-wrap elementor-element-populated\">\n\t\t\t\t\t\t<div class=\"elementor-element elementor-element-893f765 elementor-widget elementor-widget-heading\" data-id=\"893f765\" data-element_type=\"widget\" data-e-type=\"widget\" data-settings=\"{&quot;ekit_we_effect_on&quot;:&quot;none&quot;}\" data-widget_type=\"heading.default\">\n\t\t\t\t<div class=\"elementor-widget-container\">\n\t\t\t\t\t<h3 class=\"elementor-heading-title elementor-size-xl\">Hikvision<\/h3>\t\t\t\t<\/div>\n\t\t\t\t<\/div>\n\t\t\t\t<div class=\"elementor-element elementor-element-89b62a0 elementor-widget elementor-widget-text-editor\" data-id=\"89b62a0\" data-element_type=\"widget\" data-e-type=\"widget\" data-settings=\"{&quot;ekit_we_effect_on&quot;:&quot;none&quot;}\" data-widget_type=\"text-editor.default\">\n\t\t\t\t<div class=\"elementor-widget-container\">\n\t\t\t\t\t\t\t\t\t\n\nSoluci\u00f3n de Videoseguridad de calidad.\nEmpresa reconocida a nivel mundial por sus productos de calidad\n\n\t\t\t\t\t\t\t\t<\/div>\n\t\t\t\t<\/div>\n\t\t\t\t<div class=\"elementor-element elementor-element-f6294de elementor-mobile-align-center elementor-widget elementor-widget-button\" data-id=\"f6294de\" data-element_type=\"widget\" data-e-type=\"widget\" data-settings=\"{&quot;ekit_we_effect_on&quot;:&quot;none&quot;}\" data-widget_type=\"button.default\">\n\t\t\t\t<div class=\"elementor-widget-container\">\n\t\t\t\t\t\t\t\t\t<div class=\"elementor-button-wrapper\">\n\t\t\t\t\t<a class=\"elementor-button elementor-button-link elementor-size-sm\" href=\"http:\/\/comtodo.com\/hikvision-en-mexico\/\">\n\t\t\t\t\t\t<span class=\"elementor-button-content-wrapper\">\n\t\t\t\t\t\t\t\t\t<span class=\"elementor-button-text\">Conocer m\u00e1s<\/span>\n\t\t\t\t\t<\/span>\n\t\t\t\t\t<\/a>\n\t\t\t\t<\/div>\n\t\t\t\t\t\t\t\t<\/div>\n\t\t\t\t<\/div>\n\t\t\t\t\t<\/div>\n\t\t<\/div>\n\t\t\t\t\t<\/div>\n\t\t<\/section>\n\t\t\t\t<\/div>\n\t\t\n    <div class=\"xs_social_share_widget xs_share_url after_content \t\tmain_content  wslu-style-1 wslu-share-box-shaped wslu-fill-colored wslu-none wslu-share-horizontal wslu-theme-font-no wslu-main_content\">\n\n\t\t\n        <ul>\n\t\t\t        <\/ul>\n    <\/div> \n","protected":false},"excerpt":{"rendered":"<p>Seguridad para TI Soluciones de protecci\u00f3n de datos y activos que incluye respaldo de datos de forma local y en la nube as\u00ed como video [&hellip;]<\/p>\n","protected":false},"author":1,"featured_media":0,"parent":0,"menu_order":0,"comment_status":"closed","ping_status":"closed","template":"elementor_header_footer","meta":{"footnotes":""},"class_list":["post-10222","page","type-page","status-publish","hentry"],"_links":{"self":[{"href":"https:\/\/comtodo.com\/en\/wp-json\/wp\/v2\/pages\/10222","targetHints":{"allow":["GET"]}}],"collection":[{"href":"https:\/\/comtodo.com\/en\/wp-json\/wp\/v2\/pages"}],"about":[{"href":"https:\/\/comtodo.com\/en\/wp-json\/wp\/v2\/types\/page"}],"author":[{"embeddable":true,"href":"https:\/\/comtodo.com\/en\/wp-json\/wp\/v2\/users\/1"}],"replies":[{"embeddable":true,"href":"https:\/\/comtodo.com\/en\/wp-json\/wp\/v2\/comments?post=10222"}],"version-history":[{"count":0,"href":"https:\/\/comtodo.com\/en\/wp-json\/wp\/v2\/pages\/10222\/revisions"}],"wp:attachment":[{"href":"https:\/\/comtodo.com\/en\/wp-json\/wp\/v2\/media?parent=10222"}],"curies":[{"name":"wp","href":"https:\/\/api.w.org\/{rel}","templated":true}]}}